{"id":537,"date":"2017-02-06T07:00:20","date_gmt":"2017-02-06T07:00:20","guid":{"rendered":"http:\/\/localhost\/finance\/?page_id=537"},"modified":"2020-05-28T10:29:40","modified_gmt":"2020-05-28T07:29:40","slug":"risk-management","status":"publish","type":"page","link":"https:\/\/www.ismmmofisi.com\/","title":{"rendered":"ANASAYFA"},"content":{"rendered":"<p>[vc_row full_width=&#8221;stretch_row_content_no_spaces&#8221; parallax_speed=&#8221;4&#8243; parallax_x=&#8221;4&#8243; parallax_y=&#8221;4&#8243;][vc_column][rev_slider_vc alias=&#8221;slide-home1&#8243;][\/vc_column][\/vc_row][vc_row full_width=&#8221;stretch_row&#8221; parallax_speed=&#8221;4&#8243; parallax_x=&#8221;4&#8243; parallax_y=&#8221;4&#8243; css=&#8221;.vc_custom_1588588435550{padding-top: 100px !important;padding-bottom: 76px !important;background-color: #ffffff !important;}&#8221;][vc_column width=&#8221;1\/4&#8243;][vc_column_text]<\/p>\n<table border=\"0\" width=\"304\" cellspacing=\"0\" cellpadding=\"0\">\n<tbody>\n<tr>\n<td><img loading=\"lazy\" decoding=\"async\" src=\"http:\/\/www.keyifhost.com\/SMM\/sol_menu.png\" width=\"304\" height=\"48\" \/><\/td>\n<\/tr>\n<tr>\n<td><a href=\"https:\/\/ivd.gib.gov.tr\/tvd_side\/main.jsp\" target=\"_blank\" rel=\"noopener noreferrer\"><img loading=\"lazy\" decoding=\"async\" src=\"http:\/\/www.keyifhost.com\/SMM\/vergi.png\" width=\"304\" height=\"48\" \/><\/a><\/td>\n<\/tr>\n<tr>\n<td><a href=\"https:\/\/earsivportal.efatura.gov.tr\/intragiris.html\" target=\"_blank\" rel=\"noopener noreferrer\"><img loading=\"lazy\" decoding=\"async\" src=\"http:\/\/www.keyifhost.com\/SMM\/gibfatura.png\" width=\"304\" height=\"48\" \/><\/a><\/td>\n<\/tr>\n<tr>\n<td><a href=\"https:\/\/mersis.gtb.gov.tr\/\" target=\"_blank\" rel=\"noopener noreferrer\"><img loading=\"lazy\" decoding=\"async\" src=\"http:\/\/www.keyifhost.com\/SMM\/mersis.png\" width=\"304\" height=\"48\" \/><\/a><\/td>\n<\/tr>\n<tr>\n<td><a href=\"https:\/\/ito.org.tr\/tr\" target=\"_blank\" rel=\"noopener noreferrer\"><img loading=\"lazy\" decoding=\"async\" src=\"http:\/\/www.keyifhost.com\/SMM\/ito.png\" width=\"304\" height=\"48\" \/><\/a><\/td>\n<\/tr>\n<tr>\n<td><a href=\"https:\/\/ebildirge.sgk.gov.tr\/EBildirgeV2\" target=\"_blank\" rel=\"noopener noreferrer\"><img loading=\"lazy\" decoding=\"async\" src=\"http:\/\/www.keyifhost.com\/SMM\/ebildirgev2.png\" width=\"304\" height=\"48\" \/><\/a><\/td>\n<\/tr>\n<tr>\n<td><a href=\"https:\/\/uyg.sgk.gov.tr\/SigortaliTescil\/amp\/loginldap\" target=\"_blank\" rel=\"noopener noreferrer\"><img loading=\"lazy\" decoding=\"async\" src=\"http:\/\/www.keyifhost.com\/SMM\/isegiris.png\" width=\"304\" height=\"48\" \/><\/a><\/td>\n<\/tr>\n<tr>\n<td><a href=\"https:\/\/www.ticaretsicil.gov.tr\/\" target=\"_blank\" rel=\"noopener noreferrer\"><img loading=\"lazy\" decoding=\"async\" src=\"http:\/\/www.keyifhost.com\/SMM\/ticaretsicil.png\" width=\"304\" height=\"48\" \/><\/a><\/td>\n<\/tr>\n<tr>\n<td><a href=\"https:\/\/uyg.edefter.gov.tr\/edefter\/\" target=\"_blank\" rel=\"noopener noreferrer\"><img loading=\"lazy\" decoding=\"async\" src=\"http:\/\/www.keyifhost.com\/SMM\/EDefter.png\" width=\"304\" height=\"48\" \/><\/a><\/td>\n<\/tr>\n<tr>\n<td><a href=\"https:\/\/portal.efatura.gov.tr\/efatura\/wsctgirisSSL.jsp\" target=\"_blank\" rel=\"noopener noreferrer\"><img loading=\"lazy\" decoding=\"async\" src=\"http:\/\/www.keyifhost.com\/SMM\/fatura.png\" width=\"304\" height=\"48\" \/><\/a><\/td>\n<\/tr>\n<tr>\n<td><a href=\"https:\/\/ebeyanname.gib.gov.tr\/index.html\" target=\"_blank\" rel=\"noopener noreferrer\"><img loading=\"lazy\" decoding=\"async\" src=\"http:\/\/www.keyifhost.com\/SMM\/beyanname.png\" width=\"304\" height=\"48\" \/><\/a><\/td>\n<\/tr>\n<tr>\n<td><a href=\"https:\/\/uyg.sgk.gov.tr\/IsverenSistemi\" target=\"_blank\" rel=\"noopener noreferrer\"><img loading=\"lazy\" decoding=\"async\" src=\"http:\/\/www.keyifhost.com\/SMM\/sgkisveren.png\" width=\"304\" height=\"48\" \/><\/a><\/td>\n<\/tr>\n<tr>\n<td><a href=\"https:\/\/uyg.sgk.gov.tr\/vizite\/welcome.do\" target=\"_blank\" rel=\"noopener noreferrer\"><img loading=\"lazy\" decoding=\"async\" src=\"http:\/\/www.keyifhost.com\/SMM\/isgormezlik.png\" width=\"304\" height=\"48\" \/><\/a><\/td>\n<\/tr>\n<tr>\n<td><a href=\"https:\/\/ebildirge.sgk.gov.tr\/WPEB\/amp\/loginldap\" target=\"_blank\" rel=\"noopener noreferrer\"><img loading=\"lazy\" decoding=\"async\" src=\"http:\/\/www.keyifhost.com\/SMM\/ebildirgev1.png\" width=\"304\" height=\"48\" \/><\/a><\/td>\n<\/tr>\n<tr>\n<td><a href=\"https:\/\/esube.iskur.gov.tr\/\" target=\"_blank\" rel=\"noopener noreferrer\"><img loading=\"lazy\" decoding=\"async\" src=\"http:\/\/www.keyifhost.com\/SMM\/iskur.png\" width=\"304\" height=\"48\" \/><\/a><\/td>\n<\/tr>\n<tr>\n<td><a href=\"https:\/\/www.tcmb.gov.tr\/kurlar\/kurlar_tr.html\" target=\"_blank\" rel=\"noopener noreferrer\"><img loading=\"lazy\" decoding=\"async\" src=\"http:\/\/www.keyifhost.com\/SMM\/merkezbankasi.png\" width=\"304\" height=\"48\" \/><\/a><\/td>\n<\/tr>\n<tr>\n<td><a href=\"https:\/\/portal.defterbeyan.gov.tr\/auth\/login\" target=\"_blank\" rel=\"noopener noreferrer\"><img loading=\"lazy\" decoding=\"async\" src=\"http:\/\/www.keyifhost.com\/SMM\/defterbeyansis.png\" width=\"304\" height=\"48\" \/><\/a><\/td>\n<\/tr>\n<tr>\n<td><a href=\"https:\/\/www.gib.gov.tr\/yardim-ve-kaynaklar\/yararli-bilgiler\" target=\"_blank\" rel=\"noopener noreferrer\"><img loading=\"lazy\" decoding=\"async\" src=\"http:\/\/www.keyifhost.com\/SMM\/yararlibilgi.png\" width=\"304\" height=\"48\" \/><\/a><\/td>\n<\/tr>\n<tr>\n<td><a href=\"https:\/\/brutmaas.net\/maas-hesaplama\/brutten-nete\/tablo\" target=\"_blank\" rel=\"noopener noreferrer\"><img loading=\"lazy\" decoding=\"async\" src=\"http:\/\/www.keyifhost.com\/SMM\/netbrut.png\" width=\"304\" height=\"48\" \/><\/a><\/td>\n<\/tr>\n<\/tbody>\n<\/table>\n<p>[\/vc_column_text][\/vc_column][vc_column width=&#8221;3\/4&#8243;]<div class=\"title-section  style1\">\n\t\t<h1 class=\"title\">\n\t\t\tHizmetlerimiz\t\t\t\n\t\t<\/h1>\t\t\n\t\t\n\n\t<\/div>[vc_empty_space height=&#8221;20px&#8221;][vc_row_inner css=&#8221;.vc_custom_1588588152935{background-color: #ffffff !important;}&#8221;][vc_column_inner width=&#8221;1\/3&#8243;]<div class=\"flat-iconbox iconbox-style1 left rounded\">\n\t\t<div class=\"flat-iconbox-header\">\n\t\t\t<div class=\"flat-iconbox-icon\"><span class=\"ion-wand\"><\/span><\/div>\n\t\t\t<h4 class=\"flat-iconbox-title\">\u015e\u0130RKET B\u0130RLE\u015eME VE DEV\u0130R \u0130\u015eLEMLER\u0130<\/h4>\n\t\t\t\n\t\t<\/div>\n\t\t<div class=\"flat-iconbox-content\">\n\t\t\tBirle\u015fme iki veya daha fazla ticaret \u015firketinin birbiriyle birle\u015ferek \u201cyeni bir ticaret\u201d \u015firketi kurmalar\u0131 veya bir veya birden fazla \u015firketin var olan di\u011fer bir ticaret \u015firketine kat\u0131lmas\u0131d\u0131r.\n\t\t\t\n\t\t<\/div>\n\t<\/div>[\/vc_column_inner][vc_column_inner width=&#8221;1\/3&#8243;]<div class=\"flat-iconbox iconbox-style1 left rounded\">\n\t\t<div class=\"flat-iconbox-header\">\n\t\t\t<div class=\"flat-iconbox-icon\"><span class=\"ion-android-globe\"><\/span><\/div>\n\t\t\t<h4 class=\"flat-iconbox-title\">BORDROLAMA H\u0130ZMETLER\u0130 VE DANI\u015eMANLI\u011eI<\/h4>\n\t\t\t\n\t\t<\/div>\n\t\t<div class=\"flat-iconbox-content\">\n\t\t\tG\u00fcn\u00fcm\u00fczde BORDROLAMA i\u015flerinin y\u00fcr\u00fct\u00fclmesi art\u0131k uzman firmalara b\u0131rak\u0131lmaktad\u0131r.\n\t\t\t\n\t\t<\/div>\n\t<\/div>[\/vc_column_inner][vc_column_inner width=&#8221;1\/3&#8243;]<div class=\"flat-iconbox iconbox-style1 left rounded\">\n\t\t<div class=\"flat-iconbox-header\">\n\t\t\t<div class=\"flat-iconbox-icon\"><span class=\"ion-clipboard\"><\/span><\/div>\n\t\t\t<h4 class=\"flat-iconbox-title\">SOSYAL G\u00dcVENL\u0130K DANI\u015eMANLI\u011eI<\/h4>\n\t\t\t\n\t\t<\/div>\n\t\t<div class=\"flat-iconbox-content\">\n\t\t\tFirma taraf\u0131ndan i\u015f ve sosyal g\u00fcvenlik, \u00e7al\u0131\u015fma hayat\u0131, i\u015f\u00e7i-i\u015fveren ili\u015fkileri ile ilgili mevzuat konular\u0131nda yaz\u0131l\u0131, s\u00f6zl\u00fc ve elektronik posta yoluyla sorulan sorulara ili\u015fkin bilgi verilmesi, mevzuat\n\t\t\t\n\t\t<\/div>\n\t<\/div>[\/vc_column_inner][\/vc_row_inner][vc_row_inner css=&#8221;.vc_custom_1588588152935{background-color: #ffffff !important;}&#8221;][vc_column_inner width=&#8221;1\/3&#8243;]<div class=\"flat-iconbox iconbox-style1 left rounded\">\n\t\t<div class=\"flat-iconbox-header\">\n\t\t\t<div class=\"flat-iconbox-icon\"><span class=\"ion-arrow-graph-up-right\"><\/span><\/div>\n\t\t\t<h4 class=\"flat-iconbox-title\">VERG\u0130 DANI\u015eMANLI\u011eI<\/h4>\n\t\t\t\n\t\t<\/div>\n\t\t<div class=\"flat-iconbox-content\">\n\t\t\tTemel T\u00fcrk Vergi Kanunlar\u0131na (Gelir Vergisi Kanunu, Kurumlar Vergisi Kanunu, Vergi Usul Kanunu, Katma De\u011fer Vergisi Kanunu vb.) ili\u015fkin genel bilgilendirme ve dan\u0131\u015fmanl\u0131k\n\t\t\t\n\t\t<\/div>\n\t<\/div>[vc_empty_space height=&#8221;70px&#8221;][\/vc_column_inner][vc_column_inner width=&#8221;1\/3&#8243;]<div class=\"flat-iconbox iconbox-style1 left rounded\">\n\t\t<div class=\"flat-iconbox-header\">\n\t\t\t<div class=\"flat-iconbox-icon\"><span class=\"ion-easel\"><\/span><\/div>\n\t\t\t<h4 class=\"flat-iconbox-title\">\u015e\u0130RKET KURULU\u015e VE D\u0130\u011eER \u0130\u015eLEMLER<\/h4>\n\t\t\t\n\t\t<\/div>\n\t\t<div class=\"flat-iconbox-content\">\n\t\t\tAnonim \u015firket, bir unvana sahip esas sermayesi muayyen ve paylara b\u00f6l\u00fcnm\u00fc\u015f olan ve bor\u00e7lar\u0131ndan dolay\u0131 yaln\u0131z mamelikiyle mesul bulunan,\n\t\t\t\n\t\t<\/div>\n\t<\/div>[vc_empty_space height=&#8221;70px&#8221;][\/vc_column_inner][vc_column_inner width=&#8221;1\/3&#8243;]<div class=\"flat-iconbox iconbox-style1 left rounded\">\n\t\t<div class=\"flat-iconbox-header\">\n\t\t\t<div class=\"flat-iconbox-icon\"><span class=\"ion-android-alarm-clock\"><\/span><\/div>\n\t\t\t<h4 class=\"flat-iconbox-title\">\u015e\u0130RKET TASF\u0130YE<\/h4>\n\t\t\t\n\t\t<\/div>\n\t\t<div class=\"flat-iconbox-content\">\n\t\t\t\u0130\u015fletmenin veya firman\u0131n herhangi bir nedenle fesih edilmesi veya tasfiye edilmesi halinde, fesih veya tasfiye i\u015flemlerinin tescile i\u015fletilmesi zorunludur.\n\t\t\t\n\t\t<\/div>\n\t<\/div>[vc_empty_space height=&#8221;70px&#8221;][\/vc_column_inner][\/vc_row_inner][\/vc_column][\/vc_row][vc_row][vc_column]<div class=\"title-section  style1\">\n\t\t<h1 class=\"title\">\n\t\t\tBaz\u0131 Referanslar\u0131m\u0131z!\t\t\t\n\t\t<\/h1>\t\t\n\t\t\n\n\t<\/div>\n\t\t<div class=\"wrap-client-slide\">\n\t\t\t<div class=\"client-slide \" data-margin=\"30\" data-slides_per_view=\"6\" data-autoplay=\"\" data-hide_control=\"\" data-hide_buttons=\"\">\t\t\t\n\t\t\t\t\n\t\t<div class=\"client-image\">\n\t\t\t<img decoding=\"async\" src=\"https:\/\/www.ismmmofisi.com\/wp-content\/uploads\/2020\/05\/kaleraf.png\" alt=\"images\" \/>\n\t\t<\/div>\n\t\t<div class=\"client-image\">\n\t\t\t<img decoding=\"async\" src=\"https:\/\/www.ismmmofisi.com\/wp-content\/uploads\/2020\/05\/kayakardesler.png\" alt=\"images\" \/>\n\t\t<\/div>\n\t\t<div class=\"client-image\">\n\t\t\t<img decoding=\"async\" src=\"https:\/\/www.ismmmofisi.com\/wp-content\/uploads\/2020\/05\/kardeslerpetrol.png\" alt=\"images\" \/>\n\t\t<\/div>\n\t\t<div class=\"client-image\">\n\t\t\t<img decoding=\"async\" src=\"https:\/\/www.ismmmofisi.com\/wp-content\/uploads\/2020\/05\/sifaeczane.png\" alt=\"images\" \/>\n\t\t<\/div>\n\t\t<div class=\"client-image\">\n\t\t\t<img decoding=\"async\" src=\"https:\/\/www.ismmmofisi.com\/wp-content\/uploads\/2020\/05\/baytas.png\" alt=\"images\" \/>\n\t\t<\/div>\n\t\t<div class=\"client-image\">\n\t\t\t<img decoding=\"async\" src=\"https:\/\/www.ismmmofisi.com\/wp-content\/uploads\/2020\/05\/devmak.png\" alt=\"images\" \/>\n\t\t<\/div>\n\t\t<div class=\"client-image\">\n\t\t\t<img decoding=\"async\" src=\"https:\/\/www.ismmmofisi.com\/wp-content\/uploads\/2020\/05\/dogukan.png\" alt=\"images\" \/>\n\t\t<\/div>\n\t\t<div class=\"client-image\">\n\t\t\t<img decoding=\"async\" src=\"https:\/\/www.ismmmofisi.com\/wp-content\/uploads\/2020\/05\/hologlu.png\" alt=\"images\" \/>\n\t\t<\/div>\n\t\t<div class=\"client-image\">\n\t\t\t<img decoding=\"async\" src=\"https:\/\/www.ismmmofisi.com\/wp-content\/uploads\/2020\/05\/ikiz-yapi-1.png\" alt=\"images\" \/>\n\t\t<\/div>\n\t\t<div class=\"client-image\">\n\t\t\t<img decoding=\"async\" src=\"https:\/\/www.ismmmofisi.com\/wp-content\/uploads\/2020\/05\/nilpa.png\" alt=\"images\" \/>\n\t\t<\/div>\n\t\t<div class=\"client-image\">\n\t\t\t<img decoding=\"async\" src=\"https:\/\/www.ismmmofisi.com\/wp-content\/uploads\/2020\/05\/oztascilar.png\" alt=\"images\" \/>\n\t\t<\/div>\n\t\t<div class=\"client-image\">\n\t\t\t<img decoding=\"async\" src=\"https:\/\/www.ismmmofisi.com\/wp-content\/uploads\/2020\/05\/selfpast.png\" alt=\"images\" \/>\n\t\t<\/div>\t\t\t\t\n\t\t\t<\/div>\n\t\t<\/div>\n\t\n\t\t<div class=\"flat-spacer \" data-desktop=\"40\" data-mobile=\"20\" data-smobile=\"15\">\t\t\t\n\t\t<\/div>[\/vc_column][\/vc_row][vc_row][vc_column][\/vc_column][\/vc_row]<\/p>\n","protected":false},"excerpt":{"rendered":"<p>[vc_row full_width=&#8221;stretch_row_content_no_spaces&#8221; parallax_speed=&#8221;4&#8243; parallax_x=&#8221;4&#8243; parallax_y=&#8221;4&#8243;][vc_column][rev_slider_vc alias=&#8221;slide-home1&#8243;][\/vc_column][\/vc_row][vc_row full_width=&#8221;stretch_row&#8221; parallax_speed=&#8221;4&#8243; parallax_x=&#8221;4&#8243; parallax_y=&#8221;4&#8243; css=&#8221;.vc_custom_1588588435550{padding-top: 100px !important;padding-bottom: 76px !important;background-color: #ffffff !important;}&#8221;][vc_column width=&#8221;1\/4&#8243;][vc_column_text] [\/vc_column_text][\/vc_column][vc_column width=&#8221;3\/4&#8243;][vc_empty_space height=&#8221;20px&#8221;][vc_row_inner css=&#8221;.vc_custom_1588588152935{background-color: #ffffff !important;}&#8221;][vc_column_inner width=&#8221;1\/3&#8243;][\/vc_column_inner][vc_column_inner width=&#8221;1\/3&#8243;][\/vc_column_inner][vc_column_inner width=&#8221;1\/3&#8243;][\/vc_column_inner][\/vc_row_inner][vc_row_inner css=&#8221;.vc_custom_1588588152935{background-color: #ffffff !important;}&#8221;][vc_column_inner width=&#8221;1\/3&#8243;][vc_empty_space height=&#8221;70px&#8221;][\/vc_column_inner][vc_column_inner width=&#8221;1\/3&#8243;][vc_empty_space height=&#8221;70px&#8221;][\/vc_column_inner][vc_column_inner width=&#8221;1\/3&#8243;][vc_empty_space height=&#8221;70px&#8221;][\/vc_column_inner][\/vc_row_inner][\/vc_column][\/vc_row][vc_row][vc_column][\/vc_column][\/vc_row][vc_row][vc_column][\/vc_column][\/vc_row]<\/p>\n","protected":false},"author":1,"featured_media":0,"parent":0,"menu_order":0,"comment_status":"closed","ping_status":"closed","template":"tpl\/page_fullwidth.php","meta":{"footnotes":""},"class_list":["post-537","page","type-page","status-publish","hentry"],"_links":{"self":[{"href":"https:\/\/www.ismmmofisi.com\/index.php?rest_route=\/wp\/v2\/pages\/537","targetHints":{"allow":["GET"]}}],"collection":[{"href":"https:\/\/www.ismmmofisi.com\/index.php?rest_route=\/wp\/v2\/pages"}],"about":[{"href":"https:\/\/www.ismmmofisi.com\/index.php?rest_route=\/wp\/v2\/types\/page"}],"author":[{"embeddable":true,"href":"https:\/\/www.ismmmofisi.com\/index.php?rest_route=\/wp\/v2\/users\/1"}],"replies":[{"embeddable":true,"href":"https:\/\/www.ismmmofisi.com\/index.php?rest_route=%2Fwp%2Fv2%2Fcomments&post=537"}],"version-history":[{"count":32,"href":"https:\/\/www.ismmmofisi.com\/index.php?rest_route=\/wp\/v2\/pages\/537\/revisions"}],"predecessor-version":[{"id":2071,"href":"https:\/\/www.ismmmofisi.com\/index.php?rest_route=\/wp\/v2\/pages\/537\/revisions\/2071"}],"wp:attachment":[{"href":"https:\/\/www.ismmmofisi.com\/index.php?rest_route=%2Fwp%2Fv2%2Fmedia&parent=537"}],"curies":[{"name":"wp","href":"https:\/\/api.w.org\/{rel}","templated":true}]}}