{"id":1960,"date":"2020-05-24T23:48:15","date_gmt":"2020-05-24T20:48:15","guid":{"rendered":"http:\/\/keyifhost.com\/SMM\/?page_id=1960"},"modified":"2020-05-27T02:58:38","modified_gmt":"2020-05-26T23:58:38","slug":"referanslar","status":"publish","type":"page","link":"https:\/\/www.ismmmofisi.com\/?page_id=1960","title":{"rendered":"REFERANSLAR"},"content":{"rendered":"<p>[vc_row][vc_column]\n\t\t<div class=\"flat-spacer \" data-desktop=\"40\" data-mobile=\"30\" data-smobile=\"15\">\t\t\t\n\t\t<\/div>[vc_text_separator title=&#8221;500+ MUTLU B\u0130Z\u0130MLE \u00c7ALI\u015eAN M\u00dc\u015eTER\u0130M\u0130ZDEN BAZILARI L\u0130STELENM\u0130\u015eT\u0130R. S\u0130Z\u0130DE ARAMIZDA G\u00d6RMEKTEN MUTLULUK DUYARIZ.&#8221; color=&#8221;white&#8221; style=&#8221;shadow&#8221; css_animation=&#8221;bounceIn&#8221;]\n\t\t<div class=\"flat-spacer \" data-desktop=\"40\" data-mobile=\"30\" data-smobile=\"15\">\t\t\t\n\t\t<\/div>[\/vc_column][\/vc_row][vc_row][vc_column width=&#8221;1\/4&#8243;][vc_column_text]<br \/>\n<img loading=\"lazy\" decoding=\"async\" class=\"alignnone size-full wp-image-2044\" src=\"http:\/\/keyifhost.com\/SMM\/wp-content\/uploads\/2020\/05\/Referans_yan.png\" alt=\"\" width=\"520\" height=\"740\" srcset=\"https:\/\/www.ismmmofisi.com\/wp-content\/uploads\/2020\/05\/Referans_yan.png 520w, https:\/\/www.ismmmofisi.com\/wp-content\/uploads\/2020\/05\/Referans_yan-211x300.png 211w\" sizes=\"auto, (max-width: 520px) 100vw, 520px\" \/><\/p>\n<p>[\/vc_column_text][\/vc_column][vc_column width=&#8221;3\/4&#8243;][vc_row_inner][vc_column_inner width=&#8221;1\/4&#8243;][vc_single_image image=&#8221;1975&#8243; img_size=&#8221;270&#215;186&#8243; style=&#8221;vc_box_rounded&#8221; onclick=&#8221;link_image&#8221; css_animation=&#8221;flipInX&#8221;][\/vc_column_inner][vc_column_inner width=&#8221;1\/4&#8243;][vc_single_image image=&#8221;1976&#8243; img_size=&#8221;270&#215;186&#8243; style=&#8221;vc_box_rounded&#8221; onclick=&#8221;link_image&#8221; css_animation=&#8221;flipInX&#8221;][\/vc_column_inner][vc_column_inner width=&#8221;1\/4&#8243;][vc_single_image image=&#8221;1977&#8243; img_size=&#8221;270&#215;186&#8243; style=&#8221;vc_box_rounded&#8221; onclick=&#8221;link_image&#8221; css_animation=&#8221;flipInX&#8221;][\/vc_column_inner][vc_column_inner width=&#8221;1\/4&#8243;][vc_single_image image=&#8221;1978&#8243; img_size=&#8221;270&#215;186&#8243; style=&#8221;vc_box_rounded&#8221; onclick=&#8221;link_image&#8221; css_animation=&#8221;flipInX&#8221;][\/vc_column_inner][\/vc_row_inner]\n\t\t<div class=\"flat-spacer \" data-desktop=\"20\" data-mobile=\"10\" data-smobile=\"5\">\t\t\t\n\t\t<\/div>[vc_row_inner][vc_column_inner width=&#8221;1\/4&#8243;][vc_single_image image=&#8221;1979&#8243; img_size=&#8221;270&#215;186&#8243; style=&#8221;vc_box_rounded&#8221; onclick=&#8221;link_image&#8221; css_animation=&#8221;flipInX&#8221;][\/vc_column_inner][vc_column_inner width=&#8221;1\/4&#8243;][vc_single_image image=&#8221;1980&#8243; img_size=&#8221;270&#215;186&#8243; style=&#8221;vc_box_rounded&#8221; onclick=&#8221;link_image&#8221; css_animation=&#8221;flipInX&#8221;][\/vc_column_inner][vc_column_inner width=&#8221;1\/4&#8243;][vc_single_image image=&#8221;1986&#8243; img_size=&#8221;270&#215;186&#8243; style=&#8221;vc_box_rounded&#8221; onclick=&#8221;link_image&#8221; css_animation=&#8221;flipInX&#8221;][\/vc_column_inner][vc_column_inner width=&#8221;1\/4&#8243;][vc_single_image image=&#8221;1987&#8243; img_size=&#8221;270&#215;186&#8243; style=&#8221;vc_box_rounded&#8221; onclick=&#8221;link_image&#8221; css_animation=&#8221;flipInX&#8221;][\/vc_column_inner][\/vc_row_inner]\n\t\t<div class=\"flat-spacer \" data-desktop=\"20\" data-mobile=\"10\" data-smobile=\"5\">\t\t\t\n\t\t<\/div>[vc_row_inner][vc_column_inner width=&#8221;1\/4&#8243;][vc_single_image image=&#8221;1990&#8243; img_size=&#8221;270&#215;186&#8243; style=&#8221;vc_box_rounded&#8221; onclick=&#8221;link_image&#8221; css_animation=&#8221;flipInX&#8221;][\/vc_column_inner][vc_column_inner width=&#8221;1\/4&#8243;][vc_single_image image=&#8221;1991&#8243; img_size=&#8221;270&#215;186&#8243; style=&#8221;vc_box_rounded&#8221; onclick=&#8221;link_image&#8221; css_animation=&#8221;flipInX&#8221;][\/vc_column_inner][vc_column_inner width=&#8221;1\/4&#8243;][vc_single_image image=&#8221;1992&#8243; img_size=&#8221;270&#215;186&#8243; style=&#8221;vc_box_rounded&#8221; onclick=&#8221;link_image&#8221; css_animation=&#8221;flipInX&#8221;][\/vc_column_inner][vc_column_inner width=&#8221;1\/4&#8243;][vc_single_image image=&#8221;1993&#8243; img_size=&#8221;270&#215;186&#8243; style=&#8221;vc_box_rounded&#8221; onclick=&#8221;link_image&#8221; css_animation=&#8221;flipInX&#8221;][\/vc_column_inner][\/vc_row_inner]\n\t\t<div class=\"flat-spacer \" data-desktop=\"20\" data-mobile=\"10\" data-smobile=\"5\">\t\t\t\n\t\t<\/div>[vc_row_inner][vc_column_inner width=&#8221;1\/4&#8243;][vc_single_image image=&#8221;1995&#8243; img_size=&#8221;270&#215;186&#8243; style=&#8221;vc_box_rounded&#8221; onclick=&#8221;link_image&#8221; css_animation=&#8221;flipInX&#8221;][\/vc_column_inner][vc_column_inner width=&#8221;1\/4&#8243;][vc_single_image image=&#8221;1996&#8243; img_size=&#8221;270&#215;186&#8243; style=&#8221;vc_box_rounded&#8221; onclick=&#8221;link_image&#8221; css_animation=&#8221;flipInX&#8221;][\/vc_column_inner][vc_column_inner width=&#8221;1\/4&#8243;][vc_single_image image=&#8221;1997&#8243; img_size=&#8221;270&#215;186&#8243; style=&#8221;vc_box_rounded&#8221; onclick=&#8221;link_image&#8221; css_animation=&#8221;flipInX&#8221;][\/vc_column_inner][vc_column_inner width=&#8221;1\/4&#8243;][vc_single_image image=&#8221;1998&#8243; img_size=&#8221;270&#215;186&#8243; style=&#8221;vc_box_rounded&#8221; onclick=&#8221;link_image&#8221; css_animation=&#8221;flipInX&#8221;][\/vc_column_inner][\/vc_row_inner]\n\t\t<div class=\"flat-spacer \" data-desktop=\"20\" data-mobile=\"10\" data-smobile=\"5\">\t\t\t\n\t\t<\/div>[vc_row_inner][vc_column_inner width=&#8221;1\/4&#8243;][vc_single_image image=&#8221;2001&#8243; img_size=&#8221;270&#215;186&#8243; style=&#8221;vc_box_rounded&#8221; onclick=&#8221;link_image&#8221; css_animation=&#8221;flipInX&#8221;][\/vc_column_inner][vc_column_inner width=&#8221;1\/4&#8243;][vc_single_image image=&#8221;2002&#8243; img_size=&#8221;270&#215;186&#8243; style=&#8221;vc_box_rounded&#8221; onclick=&#8221;link_image&#8221; css_animation=&#8221;flipInX&#8221;][\/vc_column_inner][vc_column_inner width=&#8221;1\/4&#8243;][vc_single_image image=&#8221;2003&#8243; img_size=&#8221;270&#215;186&#8243; style=&#8221;vc_box_rounded&#8221; onclick=&#8221;link_image&#8221; css_animation=&#8221;flipInX&#8221;][\/vc_column_inner][vc_column_inner width=&#8221;1\/4&#8243;][vc_single_image image=&#8221;2004&#8243; img_size=&#8221;270&#215;186&#8243; style=&#8221;vc_box_rounded&#8221; onclick=&#8221;link_image&#8221; css_animation=&#8221;flipInX&#8221;][\/vc_column_inner][\/vc_row_inner]\n\t\t<div class=\"flat-spacer \" data-desktop=\"20\" data-mobile=\"10\" data-smobile=\"5\">\t\t\t\n\t\t<\/div>[vc_row_inner][vc_column_inner width=&#8221;1\/4&#8243;][vc_single_image image=&#8221;2007&#8243; img_size=&#8221;270&#215;186&#8243; style=&#8221;vc_box_rounded&#8221; onclick=&#8221;link_image&#8221; css_animation=&#8221;flipInX&#8221;][\/vc_column_inner][vc_column_inner width=&#8221;1\/4&#8243;][vc_single_image image=&#8221;2008&#8243; img_size=&#8221;270&#215;186&#8243; style=&#8221;vc_box_rounded&#8221; onclick=&#8221;link_image&#8221; css_animation=&#8221;flipInX&#8221;][\/vc_column_inner][vc_column_inner width=&#8221;1\/4&#8243;][vc_single_image image=&#8221;2009&#8243; img_size=&#8221;270&#215;186&#8243; style=&#8221;vc_box_rounded&#8221; onclick=&#8221;link_image&#8221; css_animation=&#8221;flipInX&#8221;][\/vc_column_inner][vc_column_inner width=&#8221;1\/4&#8243;][vc_single_image image=&#8221;2010&#8243; img_size=&#8221;270&#215;186&#8243; style=&#8221;vc_box_rounded&#8221; onclick=&#8221;link_image&#8221; css_animation=&#8221;flipInX&#8221;][\/vc_column_inner][\/vc_row_inner]\n\t\t<div class=\"flat-spacer \" data-desktop=\"20\" data-mobile=\"10\" data-smobile=\"5\">\t\t\t\n\t\t<\/div>[vc_row_inner][vc_column_inner width=&#8221;1\/4&#8243;][vc_single_image image=&#8221;2013&#8243; img_size=&#8221;270&#215;186&#8243; style=&#8221;vc_box_rounded&#8221; onclick=&#8221;link_image&#8221; css_animation=&#8221;flipInX&#8221;][\/vc_column_inner][vc_column_inner width=&#8221;1\/4&#8243;][vc_single_image image=&#8221;2014&#8243; img_size=&#8221;270&#215;186&#8243; style=&#8221;vc_box_rounded&#8221; onclick=&#8221;link_image&#8221; css_animation=&#8221;flipInX&#8221;][\/vc_column_inner][vc_column_inner width=&#8221;1\/4&#8243;][vc_single_image image=&#8221;2015&#8243; img_size=&#8221;270&#215;186&#8243; style=&#8221;vc_box_rounded&#8221; onclick=&#8221;link_image&#8221; css_animation=&#8221;flipInX&#8221;][\/vc_column_inner][vc_column_inner width=&#8221;1\/4&#8243;][vc_single_image image=&#8221;2016&#8243; img_size=&#8221;270&#215;186&#8243; style=&#8221;vc_box_rounded&#8221; onclick=&#8221;link_image&#8221; css_animation=&#8221;flipInX&#8221;][\/vc_column_inner][\/vc_row_inner]\n\t\t<div class=\"flat-spacer \" data-desktop=\"20\" data-mobile=\"10\" data-smobile=\"5\">\t\t\t\n\t\t<\/div>[vc_row_inner][vc_column_inner width=&#8221;1\/4&#8243;][vc_single_image image=&#8221;2019&#8243; img_size=&#8221;270&#215;186&#8243; style=&#8221;vc_box_rounded&#8221; onclick=&#8221;link_image&#8221; css_animation=&#8221;flipInX&#8221;][\/vc_column_inner][vc_column_inner width=&#8221;1\/4&#8243;][vc_single_image image=&#8221;2020&#8243; img_size=&#8221;270&#215;186&#8243; style=&#8221;vc_box_rounded&#8221; onclick=&#8221;link_image&#8221; css_animation=&#8221;flipInX&#8221;][\/vc_column_inner][vc_column_inner width=&#8221;1\/4&#8243;][vc_single_image image=&#8221;2021&#8243; img_size=&#8221;270&#215;186&#8243; style=&#8221;vc_box_rounded&#8221; onclick=&#8221;link_image&#8221; css_animation=&#8221;flipInX&#8221;][\/vc_column_inner][vc_column_inner width=&#8221;1\/4&#8243;][vc_single_image image=&#8221;2022&#8243; img_size=&#8221;270&#215;186&#8243; style=&#8221;vc_box_rounded&#8221; onclick=&#8221;link_image&#8221; css_animation=&#8221;flipInX&#8221;][\/vc_column_inner][\/vc_row_inner]\n\t\t<div class=\"flat-spacer \" data-desktop=\"20\" data-mobile=\"10\" data-smobile=\"5\">\t\t\t\n\t\t<\/div>[vc_row_inner][vc_column_inner width=&#8221;1\/4&#8243;][vc_single_image image=&#8221;2024&#8243; img_size=&#8221;270&#215;186&#8243; style=&#8221;vc_box_rounded&#8221; onclick=&#8221;link_image&#8221; css_animation=&#8221;flipInX&#8221;][\/vc_column_inner][vc_column_inner width=&#8221;1\/4&#8243;][vc_single_image image=&#8221;2025&#8243; img_size=&#8221;270&#215;186&#8243; style=&#8221;vc_box_rounded&#8221; onclick=&#8221;link_image&#8221; css_animation=&#8221;flipInX&#8221;][\/vc_column_inner][vc_column_inner width=&#8221;1\/4&#8243;][vc_single_image image=&#8221;2026&#8243; img_size=&#8221;270&#215;186&#8243; style=&#8221;vc_box_rounded&#8221; onclick=&#8221;link_image&#8221; css_animation=&#8221;flipInX&#8221;][\/vc_column_inner][vc_column_inner width=&#8221;1\/4&#8243;][vc_single_image image=&#8221;2027&#8243; img_size=&#8221;270&#215;186&#8243; style=&#8221;vc_box_rounded&#8221; onclick=&#8221;link_image&#8221; css_animation=&#8221;flipInX&#8221;][\/vc_column_inner][\/vc_row_inner]\n\t\t<div class=\"flat-spacer \" data-desktop=\"20\" data-mobile=\"10\" data-smobile=\"5\">\t\t\t\n\t\t<\/div>[vc_row_inner][vc_column_inner width=&#8221;1\/4&#8243;][vc_single_image image=&#8221;2029&#8243; img_size=&#8221;270&#215;186&#8243; style=&#8221;vc_box_rounded&#8221; onclick=&#8221;link_image&#8221; css_animation=&#8221;flipInX&#8221;][\/vc_column_inner][vc_column_inner width=&#8221;1\/4&#8243;][vc_single_image image=&#8221;2030&#8243; img_size=&#8221;270&#215;186&#8243; style=&#8221;vc_box_rounded&#8221; onclick=&#8221;link_image&#8221; css_animation=&#8221;flipInX&#8221;][\/vc_column_inner][vc_column_inner width=&#8221;1\/4&#8243;][vc_single_image image=&#8221;2031&#8243; img_size=&#8221;270&#215;186&#8243; style=&#8221;vc_box_rounded&#8221; onclick=&#8221;link_image&#8221; css_animation=&#8221;flipInX&#8221;][\/vc_column_inner][vc_column_inner width=&#8221;1\/4&#8243;][vc_single_image image=&#8221;2032&#8243; img_size=&#8221;270&#215;186&#8243; style=&#8221;vc_box_rounded&#8221; onclick=&#8221;link_image&#8221; css_animation=&#8221;flipInX&#8221;][\/vc_column_inner][\/vc_row_inner]\n\t\t<div class=\"flat-spacer \" data-desktop=\"20\" data-mobile=\"10\" data-smobile=\"5\">\t\t\t\n\t\t<\/div>[vc_row_inner][vc_column_inner width=&#8221;1\/4&#8243;][vc_single_image image=&#8221;2034&#8243; img_size=&#8221;270&#215;186&#8243; style=&#8221;vc_box_rounded&#8221; onclick=&#8221;link_image&#8221; css_animation=&#8221;flipInX&#8221;][\/vc_column_inner][vc_column_inner width=&#8221;1\/4&#8243;][vc_single_image image=&#8221;2035&#8243; img_size=&#8221;270&#215;186&#8243; style=&#8221;vc_box_rounded&#8221; onclick=&#8221;link_image&#8221; css_animation=&#8221;flipInX&#8221;][\/vc_column_inner][vc_column_inner width=&#8221;1\/4&#8243;][vc_single_image image=&#8221;2036&#8243; img_size=&#8221;270&#215;186&#8243; style=&#8221;vc_box_rounded&#8221; onclick=&#8221;link_image&#8221; css_animation=&#8221;flipInX&#8221;][\/vc_column_inner][vc_column_inner width=&#8221;1\/4&#8243;][vc_single_image image=&#8221;2037&#8243; img_size=&#8221;270&#215;186&#8243; style=&#8221;vc_box_rounded&#8221; onclick=&#8221;link_image&#8221; css_animation=&#8221;flipInX&#8221;][\/vc_column_inner][\/vc_row_inner]\n\t\t<div class=\"flat-spacer \" data-desktop=\"20\" data-mobile=\"10\" data-smobile=\"5\">\t\t\t\n\t\t<\/div>[vc_row_inner][vc_column_inner width=&#8221;1\/4&#8243;][vc_single_image image=&#8221;2039&#8243; img_size=&#8221;270&#215;186&#8243; style=&#8221;vc_box_rounded&#8221; onclick=&#8221;link_image&#8221; css_animation=&#8221;flipInX&#8221;][\/vc_column_inner][vc_column_inner width=&#8221;1\/4&#8243;][vc_single_image image=&#8221;2040&#8243; img_size=&#8221;270&#215;186&#8243; style=&#8221;vc_box_rounded&#8221; onclick=&#8221;link_image&#8221; css_animation=&#8221;flipInX&#8221;][\/vc_column_inner][vc_column_inner width=&#8221;1\/4&#8243;][vc_single_image image=&#8221;2041&#8243; img_size=&#8221;270&#215;186&#8243; style=&#8221;vc_box_rounded&#8221; onclick=&#8221;link_image&#8221; css_animation=&#8221;flipInX&#8221;][\/vc_column_inner][vc_column_inner width=&#8221;1\/4&#8243;][vc_single_image image=&#8221;2042&#8243; img_size=&#8221;270&#215;186&#8243; style=&#8221;vc_box_rounded&#8221; onclick=&#8221;link_image&#8221; css_animation=&#8221;flipInX&#8221;][\/vc_column_inner][\/vc_row_inner]\n\t\t<div class=\"flat-spacer \" data-desktop=\"20\" data-mobile=\"10\" data-smobile=\"5\">\t\t\t\n\t\t<\/div>[\/vc_column][\/vc_row]<\/p>\n","protected":false},"excerpt":{"rendered":"<p>[vc_row][vc_column][vc_text_separator title=&#8221;500+ MUTLU B\u0130Z\u0130MLE \u00c7ALI\u015eAN M\u00dc\u015eTER\u0130M\u0130ZDEN BAZILARI L\u0130STELENM\u0130\u015eT\u0130R. S\u0130Z\u0130DE ARAMIZDA G\u00d6RMEKTEN MUTLULUK DUYARIZ.&#8221; color=&#8221;white&#8221; style=&#8221;shadow&#8221; css_animation=&#8221;bounceIn&#8221;][\/vc_column][\/vc_row][vc_row][vc_column width=&#8221;1\/4&#8243;][vc_column_text] [\/vc_column_text][\/vc_column][vc_column width=&#8221;3\/4&#8243;][vc_row_inner][vc_column_inner width=&#8221;1\/4&#8243;][vc_single_image image=&#8221;1975&#8243; img_size=&#8221;270&#215;186&#8243; style=&#8221;vc_box_rounded&#8221; onclick=&#8221;link_image&#8221; css_animation=&#8221;flipInX&#8221;][\/vc_column_inner][vc_column_inner width=&#8221;1\/4&#8243;][vc_single_image image=&#8221;1976&#8243; img_size=&#8221;270&#215;186&#8243; style=&#8221;vc_box_rounded&#8221; onclick=&#8221;link_image&#8221; css_animation=&#8221;flipInX&#8221;][\/vc_column_inner][vc_column_inner width=&#8221;1\/4&#8243;][vc_single_image image=&#8221;1977&#8243; img_size=&#8221;270&#215;186&#8243; style=&#8221;vc_box_rounded&#8221; onclick=&#8221;link_image&#8221; css_animation=&#8221;flipInX&#8221;][\/vc_column_inner][vc_column_inner width=&#8221;1\/4&#8243;][vc_single_image image=&#8221;1978&#8243; img_size=&#8221;270&#215;186&#8243; style=&#8221;vc_box_rounded&#8221; onclick=&#8221;link_image&#8221; css_animation=&#8221;flipInX&#8221;][\/vc_column_inner][\/vc_row_inner][vc_row_inner][vc_column_inner width=&#8221;1\/4&#8243;][vc_single_image image=&#8221;1979&#8243; img_size=&#8221;270&#215;186&#8243; style=&#8221;vc_box_rounded&#8221; onclick=&#8221;link_image&#8221; css_animation=&#8221;flipInX&#8221;][\/vc_column_inner][vc_column_inner width=&#8221;1\/4&#8243;][vc_single_image image=&#8221;1980&#8243; [&hellip;]<\/p>\n","protected":false},"author":1,"featured_media":0,"parent":0,"menu_order":0,"comment_status":"closed","ping_status":"closed","template":"tpl\/page_fullwidth.php","meta":{"footnotes":""},"class_list":["post-1960","page","type-page","status-publish","hentry"],"_links":{"self":[{"href":"https:\/\/www.ismmmofisi.com\/index.php?rest_route=\/wp\/v2\/pages\/1960","targetHints":{"allow":["GET"]}}],"collection":[{"href":"https:\/\/www.ismmmofisi.com\/index.php?rest_route=\/wp\/v2\/pages"}],"about":[{"href":"https:\/\/www.ismmmofisi.com\/index.php?rest_route=\/wp\/v2\/types\/page"}],"author":[{"embeddable":true,"href":"https:\/\/www.ismmmofisi.com\/index.php?rest_route=\/wp\/v2\/users\/1"}],"replies":[{"embeddable":true,"href":"https:\/\/www.ismmmofisi.com\/index.php?rest_route=%2Fwp%2Fv2%2Fcomments&post=1960"}],"version-history":[{"count":44,"href":"https:\/\/www.ismmmofisi.com\/index.php?rest_route=\/wp\/v2\/pages\/1960\/revisions"}],"predecessor-version":[{"id":2063,"href":"https:\/\/www.ismmmofisi.com\/index.php?rest_route=\/wp\/v2\/pages\/1960\/revisions\/2063"}],"wp:attachment":[{"href":"https:\/\/www.ismmmofisi.com\/index.php?rest_route=%2Fwp%2Fv2%2Fmedia&parent=1960"}],"curies":[{"name":"wp","href":"https:\/\/api.w.org\/{rel}","templated":true}]}}