{"id":1719,"date":"2020-05-04T01:30:25","date_gmt":"2020-05-03T22:30:25","guid":{"rendered":"http:\/\/keyifhost.com\/SMM\/?page_id=1719"},"modified":"2020-05-08T22:25:26","modified_gmt":"2020-05-08T19:25:26","slug":"sirket-tasfiye","status":"publish","type":"page","link":"https:\/\/www.ismmmofisi.com\/?page_id=1719","title":{"rendered":"\u015e\u0130RKET TASF\u0130YE"},"content":{"rendered":"<p>[vc_row][vc_column]\n\t\t<div class=\"flat-spacer \" data-desktop=\"40\" data-mobile=\"20\" data-smobile=\"10\">\t\t\t\n\t\t<\/div>[\/vc_column][\/vc_row][vc_row][vc_column width=&#8221;1\/4&#8243;][vc_column_text]<img loading=\"lazy\" decoding=\"async\" class=\"alignnone size-full wp-image-1794\" src=\"http:\/\/keyifhost.com\/SMM\/wp-content\/uploads\/2020\/05\/tasfiye_yan.png\" alt=\"\" width=\"520\" height=\"740\" srcset=\"https:\/\/www.ismmmofisi.com\/wp-content\/uploads\/2020\/05\/tasfiye_yan.png 520w, https:\/\/www.ismmmofisi.com\/wp-content\/uploads\/2020\/05\/tasfiye_yan-211x300.png 211w\" sizes=\"auto, (max-width: 520px) 100vw, 520px\" \/>[\/vc_column_text][\/vc_column][vc_column width=&#8221;3\/4&#8243;][vc_column_text]\u0130\u015fletmenin veya firman\u0131n herhangi bir nedenle fesih edilmesi veya tasfiye edilmesi halinde, fesih veya tasfiye i\u015flemlerinin tescile i\u015fletilmesi zorunludur. Fesih veya tasfiye i\u015flemlerinin onay ve tescil i\u015flemleri ve bu i\u015flemler i\u00e7in gereken belgeler a\u015fa\u011f\u0131da belirtilmi\u015ftir.<\/p>\n<p><strong>Fesih veya Tasfiye Karar\u0131 Al\u0131nmas\u0131 Halinde :<\/strong><\/p>\n<ul>\n<li>Dilek\u00e7e<\/li>\n<li>Fesih karar\u0131 al\u0131nm\u0131\u015fsa, ortaklar\u0131n tamam\u0131 taraf\u0131ndan imzalanm\u0131\u015f fesih s\u00f6zle\u015fmesi (2 n\u00fcsha), tasfiye karar\u0131 al\u0131nm\u0131\u015fsa, ortaklar\u0131n tamam\u0131 taraf\u0131ndan imzalanm\u0131\u015f, noterden onayl\u0131 ortaklar karar\u0131 (2 n\u00fcsha)<\/li>\n<li>Tasfiye halinde, tasfiye memurlar\u0131n\u0131n a\u00e7\u0131k kimlik bilgilerinin de yer ald\u0131\u011f\u0131 \u201cTasfiye Halinde\u201d ibareli imza sirk\u00fcleri ve n\u00fcfus c\u00fczdan\u0131 suretleri<\/li>\n<\/ul>\n<p><strong>Tasfiyenin Tamamlanarak Tasfiye Sonu Karar\u0131n\u0131n Al\u0131nmas\u0131ndan Sonra :<\/strong><\/p>\n<ul>\n<li>Dilek\u00e7e<\/li>\n<li>Tasfiye sonuna ili\u015fkin noterden onayl\u0131 ortaklar karar\u0131<\/li>\n<\/ul>\n<p>[\/vc_column_text][\/vc_column][\/vc_row][vc_row][vc_column]\n\t\t<div class=\"flat-spacer \" data-desktop=\"40\" data-mobile=\"20\" data-smobile=\"10\">\t\t\t\n\t\t<\/div>[\/vc_column][\/vc_row]<\/p>\n","protected":false},"excerpt":{"rendered":"<p>[vc_row][vc_column][\/vc_column][\/vc_row][vc_row][vc_column width=&#8221;1\/4&#8243;][vc_column_text][\/vc_column_text][\/vc_column][vc_column width=&#8221;3\/4&#8243;][vc_column_text]\u0130\u015fletmenin veya firman\u0131n herhangi bir nedenle fesih edilmesi veya tasfiye edilmesi halinde, fesih veya tasfiye i\u015flemlerinin tescile i\u015fletilmesi zorunludur. Fesih veya tasfiye i\u015flemlerinin onay ve tescil i\u015flemleri ve bu i\u015flemler i\u00e7in gereken belgeler a\u015fa\u011f\u0131da belirtilmi\u015ftir. Fesih veya Tasfiye Karar\u0131 Al\u0131nmas\u0131 Halinde : Dilek\u00e7e Fesih karar\u0131 al\u0131nm\u0131\u015fsa, ortaklar\u0131n tamam\u0131 taraf\u0131ndan [&hellip;]<\/p>\n","protected":false},"author":1,"featured_media":0,"parent":0,"menu_order":0,"comment_status":"closed","ping_status":"closed","template":"tpl\/page_fullwidth.php","meta":{"footnotes":""},"class_list":["post-1719","page","type-page","status-publish","hentry"],"_links":{"self":[{"href":"https:\/\/www.ismmmofisi.com\/index.php?rest_route=\/wp\/v2\/pages\/1719","targetHints":{"allow":["GET"]}}],"collection":[{"href":"https:\/\/www.ismmmofisi.com\/index.php?rest_route=\/wp\/v2\/pages"}],"about":[{"href":"https:\/\/www.ismmmofisi.com\/index.php?rest_route=\/wp\/v2\/types\/page"}],"author":[{"embeddable":true,"href":"https:\/\/www.ismmmofisi.com\/index.php?rest_route=\/wp\/v2\/users\/1"}],"replies":[{"embeddable":true,"href":"https:\/\/www.ismmmofisi.com\/index.php?rest_route=%2Fwp%2Fv2%2Fcomments&post=1719"}],"version-history":[{"count":4,"href":"https:\/\/www.ismmmofisi.com\/index.php?rest_route=\/wp\/v2\/pages\/1719\/revisions"}],"predecessor-version":[{"id":1795,"href":"https:\/\/www.ismmmofisi.com\/index.php?rest_route=\/wp\/v2\/pages\/1719\/revisions\/1795"}],"wp:attachment":[{"href":"https:\/\/www.ismmmofisi.com\/index.php?rest_route=%2Fwp%2Fv2%2Fmedia&parent=1719"}],"curies":[{"name":"wp","href":"https:\/\/api.w.org\/{rel}","templated":true}]}}