{"id":1710,"date":"2020-05-04T01:27:53","date_gmt":"2020-05-03T22:27:53","guid":{"rendered":"http:\/\/keyifhost.com\/SMM\/?page_id=1710"},"modified":"2020-05-08T22:57:10","modified_gmt":"2020-05-08T19:57:10","slug":"sirket-birlesme-ve-devir-islemleri","status":"publish","type":"page","link":"https:\/\/www.ismmmofisi.com\/?page_id=1710","title":{"rendered":"\u015e\u0130RKET B\u0130RLE\u015eME VE DEV\u0130R \u0130\u015eLEMLER\u0130"},"content":{"rendered":"<p>[vc_row][vc_column]\n\t\t<div class=\"flat-spacer \" data-desktop=\"40\" data-mobile=\"20\" data-smobile=\"10\">\t\t\t\n\t\t<\/div>[\/vc_column][\/vc_row][vc_row][vc_column width=&#8221;1\/4&#8243;][vc_column_text]<img loading=\"lazy\" decoding=\"async\" class=\"alignnone size-full wp-image-1797\" src=\"http:\/\/keyifhost.com\/SMM\/wp-content\/uploads\/2020\/05\/SirketBirlestirme_Yan.png\" alt=\"\" width=\"520\" height=\"740\" srcset=\"https:\/\/www.ismmmofisi.com\/wp-content\/uploads\/2020\/05\/SirketBirlestirme_Yan.png 520w, https:\/\/www.ismmmofisi.com\/wp-content\/uploads\/2020\/05\/SirketBirlestirme_Yan-211x300.png 211w\" sizes=\"auto, (max-width: 520px) 100vw, 520px\" \/>[\/vc_column_text][\/vc_column][vc_column width=&#8221;3\/4&#8243;][vc_column_text]Birle\u015fme iki veya daha fazla ticaret \u015firketinin birbiriyle birle\u015ferek \u201cyeni bir ticaret\u201d \u015firketi kurmalar\u0131 veya bir veya birden fazla \u015firketin var olan di\u011fer bir ticaret \u015firketine kat\u0131lmas\u0131d\u0131r. (TTK.146)<\/p>\n<p>Kanunumuzda birle\u015fen \u015firketlerin nevilerinin ayn\u0131 olmas\u0131 \u015fart ko\u015fulmu\u015ftur.(TTK. 147)<\/p>\n<p><strong>Birle\u015fme \u0130\u015flemleri<\/strong><\/p>\n<p>Birle\u015fecek \u015firketlerin yetkili organlar\u0131nca birle\u015fme karar\u0131n\u0131n verilmesi, Birle\u015fme s\u00f6zle\u015fmesinin haz\u0131rlanmas\u0131 ve birle\u015fen \u015firketlerden her birinin genel kurul ve\/veya ortaklar kurulunca onaylanmas\u0131 (Birle\u015fme karar\u0131n\u0131n verildi\u011fi genel kurul toplant\u0131s\u0131nda birle\u015fme s\u00f6zle\u015fmesi onaylanm\u0131\u015f ise bu genel kurulun yap\u0131lmas\u0131na ihtiya\u00e7 bulunmamaktad\u0131r),<\/p>\n<p>Birle\u015fme kararlar\u0131n\u0131n tescil ve ilan\u0131, \u0130nfisah eden (devrolan) \u015firketlerin bor\u00e7lar\u0131n\u0131n ne suretle \u00f6denece\u011fine dair beyanname ile birle\u015fen \u015firketlerin her birinin m\u00fc\u015fterek esasa g\u00f6re haz\u0131rlanm\u0131\u015f bilan\u00e7olar\u0131n\u0131n T. Ticaret Sicili Gazetesinde birlikte ilan olunmas\u0131,<\/p>\n<p>\u0130nfisah eden (devrolan) \u015firketlerin \u00f6zvarl\u0131klar\u0131n\u0131n ilgili Mahkeme taraf\u0131ndan atanacak bilirki\u015filerce tespit ettirilmesi,<\/p>\n<p>Devir alan \u015firketin y\u00f6netim kurulunca birle\u015fme suretiyle sermaye art\u0131r\u0131m\u0131 yap\u0131lmas\u0131na ili\u015fkin karar al\u0131nmas\u0131,<\/p>\n<p>Devir alan \u015firketin bu suretle sermaye art\u0131r\u0131m\u0131 yap\u0131lmas\u0131 i\u00e7in d\u00fczenlenmi\u015f sermaye maddesinin eski ve yeni \u015feklini i\u00e7eren 3 adet tadil tasar\u0131s\u0131n\u0131n ve di\u011fer ilgili belgelerin haz\u0131rlanmas\u0131,<\/p>\n<p>Devir alan \u015firketin sermaye art\u0131r\u0131m\u0131 i\u00e7in genel kurulun davet olunmas\u0131 ve karar al\u0131nmas\u0131<\/p>\n<p>Tescil ve ilan<\/p>\n<p><strong>Birle\u015fmenin H\u00fck\u00fcmleri<\/strong><\/p>\n<p><strong>Birle\u015fmenin h\u00fck\u00fcm ifade etmesi:\u00a0<\/strong>Birle\u015fme karar\u0131 ilan g\u00fcn\u00fcnden itibaren \u00fc\u00e7 ay sonra h\u00fck\u00fcm ifade eder. (TTK.150\/1)<\/p>\n<p><strong>\u0130tiraz:\u00a0<\/strong>Birle\u015fen \u015firketlerin alacakl\u0131lar\u0131ndan her biri, ilandan itibaren 3 ay \u0130\u00e7inde yetkili mahkemeye m\u00fcracaatla birle\u015fmeye itiraz edebilir. \u0130tiraz s\u00fcresi, birle\u015fme karar\u0131n\u0131n ilan\u0131ndan itibaren ba\u015flar,<\/p>\n<p>\u0130tiraz yap\u0131lmas\u0131 halinde;<\/p>\n<ul>\n<li>\u0130tirazdan vazge\u00e7ilmedik\u00e7e,<\/li>\n<li>\u0130tiraz\u0131n reddine dair mahkemece verilen karar kesinle\u015fmedik\u00e7e<\/li>\n<li>Mahkemece takdir edilecek teminat \u015firket taraf\u0131ndan verilmedik\u00e7e,<\/li>\n<\/ul>\n<p>Birle\u015fme h\u00fck\u00fcm ifade edemez. (TTK.150\/3)<\/p>\n<p><strong>\u0130stisnalar<\/strong><\/p>\n<p>Kanunumuz istisnai olarak baz\u0131 hallerde, itiraz m\u00fcddetinin dolmas\u0131n\u0131 beklemeden karar\u0131n h\u00fck\u00fcm ifade edebilmesine imkan tan\u0131m\u0131\u015ft\u0131r.<\/p>\n<p>Birle\u015fen \u015firketler ilandan \u00f6nce; Bor\u00e7lar\u0131n\u0131 ifa etmi\u015flerse, Borca tekab\u00fcl eden paray\u0131 muteber bir bankaya yat\u0131rm\u0131\u015flar ve bu keyfiyeti ilan etmi\u015flerse, Alacakl\u0131 \u015firketin birle\u015fmesine raz\u0131 olmu\u015flarsa<\/p>\n<p>Birle\u015fme karar\u0131 ilan g\u00fcn\u00fcnden itibaren h\u00fck\u00fcm ifade eder.<\/p>\n<p><strong>K\u00fclli Halefiyet<\/strong><\/p>\n<p>Kanuni m\u00fcddet i\u00e7inde itiraz vaki olmad\u0131\u011f\u0131 takdirde birle\u015fme muameleleri kati\u2019le\u015fir. Kalan yahut yeni kurulan \u015firket infisah suretiyle ortadan kalkan \u015firketlere halef olur.<\/p>\n<p>Varl\u0131klar\u0131 zail olan \u015firketlerin hak ve bor\u00e7lar\u0131 kalan veya yeni kurulan \u015firkete intikal eder.[\/vc_column_text][\/vc_column][\/vc_row][vc_row][vc_column]\n\t\t<div class=\"flat-spacer \" data-desktop=\"40\" data-mobile=\"20\" data-smobile=\"10\">\t\t\t\n\t\t<\/div>[\/vc_column][\/vc_row]<\/p>\n","protected":false},"excerpt":{"rendered":"<p>[vc_row][vc_column][\/vc_column][\/vc_row][vc_row][vc_column width=&#8221;1\/4&#8243;][vc_column_text][\/vc_column_text][\/vc_column][vc_column width=&#8221;3\/4&#8243;][vc_column_text]Birle\u015fme iki veya daha fazla ticaret \u015firketinin birbiriyle birle\u015ferek \u201cyeni bir ticaret\u201d \u015firketi kurmalar\u0131 veya bir veya birden fazla \u015firketin var olan di\u011fer bir ticaret \u015firketine kat\u0131lmas\u0131d\u0131r. (TTK.146) Kanunumuzda birle\u015fen \u015firketlerin nevilerinin ayn\u0131 olmas\u0131 \u015fart ko\u015fulmu\u015ftur.(TTK. 147) Birle\u015fme \u0130\u015flemleri Birle\u015fecek \u015firketlerin yetkili organlar\u0131nca birle\u015fme karar\u0131n\u0131n verilmesi, Birle\u015fme s\u00f6zle\u015fmesinin haz\u0131rlanmas\u0131 [&hellip;]<\/p>\n","protected":false},"author":1,"featured_media":0,"parent":0,"menu_order":0,"comment_status":"closed","ping_status":"closed","template":"tpl\/page_fullwidth.php","meta":{"footnotes":""},"class_list":["post-1710","page","type-page","status-publish","hentry"],"_links":{"self":[{"href":"https:\/\/www.ismmmofisi.com\/index.php?rest_route=\/wp\/v2\/pages\/1710","targetHints":{"allow":["GET"]}}],"collection":[{"href":"https:\/\/www.ismmmofisi.com\/index.php?rest_route=\/wp\/v2\/pages"}],"about":[{"href":"https:\/\/www.ismmmofisi.com\/index.php?rest_route=\/wp\/v2\/types\/page"}],"author":[{"embeddable":true,"href":"https:\/\/www.ismmmofisi.com\/index.php?rest_route=\/wp\/v2\/users\/1"}],"replies":[{"embeddable":true,"href":"https:\/\/www.ismmmofisi.com\/index.php?rest_route=%2Fwp%2Fv2%2Fcomments&post=1710"}],"version-history":[{"count":4,"href":"https:\/\/www.ismmmofisi.com\/index.php?rest_route=\/wp\/v2\/pages\/1710\/revisions"}],"predecessor-version":[{"id":1799,"href":"https:\/\/www.ismmmofisi.com\/index.php?rest_route=\/wp\/v2\/pages\/1710\/revisions\/1799"}],"wp:attachment":[{"href":"https:\/\/www.ismmmofisi.com\/index.php?rest_route=%2Fwp%2Fv2%2Fmedia&parent=1710"}],"curies":[{"name":"wp","href":"https:\/\/api.w.org\/{rel}","templated":true}]}}