{"id":1667,"date":"2020-05-02T00:07:26","date_gmt":"2020-05-01T21:07:26","guid":{"rendered":"http:\/\/keyifhost.com\/SMM\/?page_id=1667"},"modified":"2020-05-08T23:20:53","modified_gmt":"2020-05-08T20:20:53","slug":"hakkimizda","status":"publish","type":"page","link":"https:\/\/www.ismmmofisi.com\/?page_id=1667","title":{"rendered":"HAKKIMIZDA"},"content":{"rendered":"<p>[vc_row][vc_column]\n\t\t<div class=\"flat-spacer \" data-desktop=\"40\" data-mobile=\"20\" data-smobile=\"10\">\t\t\t\n\t\t<\/div>[\/vc_column][\/vc_row][vc_row][vc_column width=&#8221;1\/4&#8243;][vc_column_text]<img loading=\"lazy\" decoding=\"async\" class=\"alignnone size-full wp-image-1688\" src=\"http:\/\/keyifhost.com\/SMM\/wp-content\/uploads\/2020\/05\/Hakkimizda_yan.png\" alt=\"\" width=\"520\" height=\"740\" srcset=\"https:\/\/www.ismmmofisi.com\/wp-content\/uploads\/2020\/05\/Hakkimizda_yan.png 520w, https:\/\/www.ismmmofisi.com\/wp-content\/uploads\/2020\/05\/Hakkimizda_yan-211x300.png 211w\" sizes=\"auto, (max-width: 520px) 100vw, 520px\" \/>[\/vc_column_text][\/vc_column][vc_column width=&#8221;3\/4&#8243;][vc_column_text]Muhasebe, denetim, vergi ve dan\u0131\u015fmanl\u0131k hizmetleri sunmaktad\u0131r. 2005 y\u0131l\u0131nda kurulan firmam\u0131z, T\u00fcrkiye\u2019de yerel ve uluslararas\u0131 kurulu\u015flara profesyonel hizmet sunan kalite odakl\u0131 firmalardan biridir.<br \/>\nSerbes muhasebeci mali m\u00fc\u015favirlik ofisi olarak \u2018De\u011ferlerimiz\u2019 ba\u015fl\u0131\u011f\u0131 alt\u0131nda bir araya getirdi\u011fimiz ve t\u00fcm aksiyonlar\u0131m\u0131zda ve davran\u0131\u015f bi\u00e7imimizde bize yol g\u00f6steren ortak de\u011ferlerle hareket etmekteyiz. De\u011ferlerimiz, firmam\u0131z \u00e7al\u0131\u015fanlar\u0131n\u0131n birlikte \u00e7al\u0131\u015fma bi\u00e7imlerine ve ili\u015fkilerine, ayr\u0131ca m\u00fc\u015fterilerimize hizmet verme ve t\u00fcm payda\u015flarla ili\u015fki tarz\u0131m\u0131za y\u00f6n vermektedir.<\/p>\n<p>Profesyonel standartlar, kanunlar, d\u00fczenlemeler ve \u015firket i\u00e7i prosed\u00fcrler \u00e7er\u00e7evesinde i\u015fimizi y\u00fcr\u00fct\u00fcrken bu standartlar\u0131n, kanunlar\u0131n, d\u00fczenlemelerin ve prosed\u00fcrlerin her t\u00fcrl\u00fc tutum ve davran\u0131\u015f ile ilgili y\u00f6n g\u00f6sterici olmayabilece\u011finin bilincindeyiz. Dolay\u0131s\u0131yla, t\u00fcm personelimiz ve \u00fcye firmalar\u0131 i\u00e7in ge\u00e7erli olan \u201c\u0130\u015f Eti\u011fi Kurallar\u0131\u201d\u2018 m\u0131z bulunmaktad\u0131r. Bu kurallar de\u011ferlerimiz \u00fczerine kurulmu\u015ftur ve ayn\u0131 zamanda firmam\u0131z \u00fcye firmalar\u0131n\u0131n kendi \u00f6zelliklerine g\u00f6re daha spesifik ekler olu\u015fturmas\u0131na y\u00f6nelik \u00e7er\u00e7eveyi de \u00e7izmektedir.meslek hayat\u0131na erken ya\u015flarda ba\u015flayarak b\u00fcromuza kat\u0131lm\u0131\u015ft\u0131r. 20 y\u0131la yak\u0131n mesleki tecr\u00fcbeye sahiptir.<\/p>\n<p>Firmam\u0131z, en \u00fcst d\u00fczey sekt\u00f6r uzmanl\u0131\u011f\u0131 ile sundu\u011fu mali m\u00fc\u015favirlik, muhasebe, denetim, vergi ve dan\u0131\u015fmanl\u0131k hizmetleri ile m\u00fc\u015fterilerine arad\u0131klar\u0131 de\u011feri katar.<\/p>\n<p>[\/vc_column_text][\/vc_column][\/vc_row][vc_row][vc_column]\n\t\t<div class=\"flat-spacer \" data-desktop=\"40\" data-mobile=\"20\" data-smobile=\"10\">\t\t\t\n\t\t<\/div>[\/vc_column][\/vc_row]<\/p>\n","protected":false},"excerpt":{"rendered":"<p>[vc_row][vc_column][\/vc_column][\/vc_row][vc_row][vc_column width=&#8221;1\/4&#8243;][vc_column_text][\/vc_column_text][\/vc_column][vc_column width=&#8221;3\/4&#8243;][vc_column_text]Muhasebe, denetim, vergi ve dan\u0131\u015fmanl\u0131k hizmetleri sunmaktad\u0131r. 2005 y\u0131l\u0131nda kurulan firmam\u0131z, T\u00fcrkiye\u2019de yerel ve uluslararas\u0131 kurulu\u015flara profesyonel hizmet sunan kalite odakl\u0131 firmalardan biridir. Serbes muhasebeci mali m\u00fc\u015favirlik ofisi olarak \u2018De\u011ferlerimiz\u2019 ba\u015fl\u0131\u011f\u0131 alt\u0131nda bir araya getirdi\u011fimiz ve t\u00fcm aksiyonlar\u0131m\u0131zda ve davran\u0131\u015f bi\u00e7imimizde bize yol g\u00f6steren ortak de\u011ferlerle hareket etmekteyiz. De\u011ferlerimiz, [&hellip;]<\/p>\n","protected":false},"author":1,"featured_media":0,"parent":0,"menu_order":0,"comment_status":"closed","ping_status":"closed","template":"tpl\/page_fullwidth.php","meta":{"footnotes":""},"class_list":["post-1667","page","type-page","status-publish","hentry"],"_links":{"self":[{"href":"https:\/\/www.ismmmofisi.com\/index.php?rest_route=\/wp\/v2\/pages\/1667","targetHints":{"allow":["GET"]}}],"collection":[{"href":"https:\/\/www.ismmmofisi.com\/index.php?rest_route=\/wp\/v2\/pages"}],"about":[{"href":"https:\/\/www.ismmmofisi.com\/index.php?rest_route=\/wp\/v2\/types\/page"}],"author":[{"embeddable":true,"href":"https:\/\/www.ismmmofisi.com\/index.php?rest_route=\/wp\/v2\/users\/1"}],"replies":[{"embeddable":true,"href":"https:\/\/www.ismmmofisi.com\/index.php?rest_route=%2Fwp%2Fv2%2Fcomments&post=1667"}],"version-history":[{"count":8,"href":"https:\/\/www.ismmmofisi.com\/index.php?rest_route=\/wp\/v2\/pages\/1667\/revisions"}],"predecessor-version":[{"id":1812,"href":"https:\/\/www.ismmmofisi.com\/index.php?rest_route=\/wp\/v2\/pages\/1667\/revisions\/1812"}],"wp:attachment":[{"href":"https:\/\/www.ismmmofisi.com\/index.php?rest_route=%2Fwp%2Fv2%2Fmedia&parent=1667"}],"curies":[{"name":"wp","href":"https:\/\/api.w.org\/{rel}","templated":true}]}}