{"id":498,"date":"2017-02-06T04:19:19","date_gmt":"2017-02-06T04:19:19","guid":{"rendered":"http:\/\/localhost\/finance\/?page_id=498"},"modified":"2020-05-26T22:13:41","modified_gmt":"2020-05-26T19:13:41","slug":"iletisim","status":"publish","type":"page","link":"http:\/\/www.ismmmofisi.com\/?page_id=498","title":{"rendered":"\u0130LET\u0130\u015e\u0130M"},"content":{"rendered":"<p>[vc_row full_width=&#8221;stretch_row_content_no_spaces&#8221; parallax_speed=&#8221;4&#8243; parallax_x=&#8221;4&#8243; parallax_y=&#8221;4&#8243;][vc_column][vc_gmaps link=&#8221;#E-8_JTNDaWZyYW1lJTIwc3JjJTNEJTIyaHR0cHMlM0ElMkYlMkZ3d3cuZ29vZ2xlLmNvbSUyRm1hcHMlMkZlbWJlZCUzRnBiJTNEJTIxMW0xNCUyMTFtOCUyMTFtMyUyMTFkNzUyLjg1MzM1NTI4MzI4NjUlMjEyZDI4Ljg0MDE5NTclMjEzZDQwLjk5NDMyMzYlMjEzbTIlMjExaTEwMjQlMjEyaTc2OCUyMTRmMTMuMSUyMTNtMyUyMTFtMiUyMTFzMHgxNGNhYTM1ZjZlMTkyMmRmJTI1M0EweDZiYzYxYzhjOTU4OTY5MGElMjEyc1NNTU0lMjUyME9SSEFOJTI1MjBHJTI1QzMlMjU5Nk5FTCUyMTVlMCUyMTNtMiUyMTFzdHIlMjEyc3RyJTIxNHYxNTkwNTIwMzAyMzYzJTIxNW0yJTIxMXN0ciUyMTJzdHIlMjIlMjB3aWR0aCUzRCUyMjYwMCUyMiUyMGhlaWdodCUzRCUyMjQ1MCUyMiUyMGZyYW1lYm9yZGVyJTNEJTIyMCUyMiUyMHN0eWxlJTNEJTIyYm9yZGVyJTNBMCUzQiUyMiUyMGFsbG93ZnVsbHNjcmVlbiUzRCUyMiUyMiUyMGFyaWEtaGlkZGVuJTNEJTIyZmFsc2UlMjIlMjB0YWJpbmRleCUzRCUyMjAlMjIlM0UlM0MlMkZpZnJhbWUlM0U=&#8221;][\/vc_column][\/vc_row][vc_row parallax_speed=&#8221;4&#8243; parallax_x=&#8221;4&#8243; parallax_y=&#8221;4&#8243; css=&#8221;.vc_custom_1489138931735{padding-top: 100px !important;padding-bottom: 70px !important;}&#8221; el_class=&#8221;flat-contact-form&#8221;][vc_column width=&#8221;1\/4&#8243;][vc_column_text]<\/p>\n<h5>F\u0130RMA ADRES\u0130M\u0130Z<\/h5>\n<div class=\"icon\"><\/div>\n<p>Yenibosna H\u00fcrriyet Mahallesi Alt\u0131n Sokak Lekesizler \u0130\u015fmerkezi No:18 Kat:1 Bah\u00e7elievler \/ \u0130STANBUL[\/vc_column_text][vc_empty_space height=&#8221;35px&#8221;][vc_column_text]<\/p>\n<h5>TELEFON\u00a0 &amp; FAX<\/h5>\n<div class=\"icon\"><\/div>\n<div>Pbx : 0212 503 64 40 \u2013 639 29 15<\/div>\n<div>Fax : 0212 639 24 76<\/div>\n<p>[\/vc_column_text][vc_empty_space height=&#8221;35px&#8221;][vc_column_text]<\/p>\n<h5>\u00c7ALI\u015eANLARIMIZ &amp; MA\u0130L ADRESLERIMIZ<\/h5>\n<p>G\u00f6r\u00fc\u015f ve \u00d6nerileriniz i\u00e7in : info@ismmmofisi.com \/ bilgi@ismmmofisi.com<\/p>\n<p>Orhan G\u00d6NEL<br \/>\n0532 634 80 55<br \/>\norhan@ismmmofisi.com<\/p>\n<p>Do\u011fan \u0130NCE<br \/>\n0532 294 58 30<br \/>\n0555 979 96 47<br \/>\ndogan@ismmmofisi.com<\/p>\n<p>Yunus AYDEM\u0130R<br \/>\n0555 979 96 42<br \/>\nyunus@ismmmofisi.com<\/p>\n<p>H\u00fcseyin Korkmaz<br \/>\n0555 000 96 45<br \/>\nhuseyin@ismmmofisi.com<\/p>\n<p>Halil ARSLAN<br \/>\n0555 979 96 40<br \/>\nhalil@ismmmofisi.com<\/p>\n<p>Yakup \u00d6Z<br \/>\n0555 979 96 44<br \/>\nyakup@ismmmofisi.com<\/p>\n<p>Do\u011fukan G\u00d6KTA\u015e<br \/>\n0555 979 96 43<br \/>\ndogukan@ismmmofisi.com<br \/>\n[\/vc_column_text][\/vc_column][vc_column width=&#8221;3\/4&#8243;]\n<div class=\"wpcf7 no-js\" id=\"wpcf7-f1753-o1\" lang=\"tr-TR\" dir=\"ltr\" data-wpcf7-id=\"1753\">\n<div class=\"screen-reader-response\"><p role=\"status\" aria-live=\"polite\" aria-atomic=\"true\"><\/p> <ul><\/ul><\/div>\n<form action=\"\/index.php?rest_route=%2Fwp%2Fv2%2Fpages%2F498#wpcf7-f1753-o1\" method=\"post\" class=\"wpcf7-form init\" aria-label=\"\u0130leti\u015fim Formu\" novalidate=\"novalidate\" data-status=\"init\">\n<div style=\"display: none;\">\n<input type=\"hidden\" name=\"_wpcf7\" value=\"1753\" \/>\n<input type=\"hidden\" name=\"_wpcf7_version\" value=\"6.0.6\" \/>\n<input type=\"hidden\" name=\"_wpcf7_locale\" value=\"tr_TR\" \/>\n<input type=\"hidden\" name=\"_wpcf7_unit_tag\" value=\"wpcf7-f1753-o1\" \/>\n<input type=\"hidden\" name=\"_wpcf7_container_post\" value=\"0\" \/>\n<input type=\"hidden\" name=\"_wpcf7_posted_data_hash\" value=\"\" \/>\n<\/div>\n<div class=\"flat-wrap-field clearfix\">\n\t<div class=\"flat-one-half\">\n\t\t<p><span class=\"wpcf7-form-control-wrap\" data-name=\"your-name\"><input size=\"40\" maxlength=\"400\" class=\"wpcf7-form-control wpcf7-text wpcf7-validates-as-required\" aria-required=\"true\" aria-invalid=\"false\" placeholder=\"\u0130sim\" value=\"\" type=\"text\" name=\"your-name\" \/><\/span><br \/>\n<span class=\"wpcf7-form-control-wrap\" data-name=\"your-email\"><input size=\"40\" maxlength=\"400\" class=\"wpcf7-form-control wpcf7-email wpcf7-validates-as-required wpcf7-text wpcf7-validates-as-email\" aria-required=\"true\" aria-invalid=\"false\" placeholder=\"Email\" value=\"\" type=\"email\" name=\"your-email\" \/><\/span><br \/>\n<span class=\"wpcf7-form-control-wrap\" data-name=\"your-subject\"><input size=\"40\" maxlength=\"400\" class=\"wpcf7-form-control wpcf7-text wpcf7-validates-as-required\" aria-required=\"true\" aria-invalid=\"false\" placeholder=\"Konu\" value=\"\" type=\"text\" name=\"your-subject\" \/><\/span><br \/>\n<input class=\"wpcf7-form-control wpcf7-submit has-spinner\" type=\"submit\" value=\"Mesaj G\u00f6nder\" \/>\n\t\t<\/p>\n\t<\/div>\n\t<div class=\"flat-one-half\">\n\t\t<p><span class=\"wpcf7-form-control-wrap\" data-name=\"your-message\"><textarea cols=\"40\" rows=\"10\" maxlength=\"2000\" class=\"wpcf7-form-control wpcf7-textarea\" aria-invalid=\"false\" placeholder=\"Mesaj\" name=\"your-message\"><\/textarea><\/span>\n\t\t<\/p>\n\t<\/div>\n<\/div><div class=\"wpcf7-response-output\" aria-hidden=\"true\"><\/div>\n<\/form>\n<\/div>\n[\/vc_column][\/vc_row]<\/p>\n","protected":false},"excerpt":{"rendered":"<p>[vc_row full_width=&#8221;stretch_row_content_no_spaces&#8221; parallax_speed=&#8221;4&#8243; parallax_x=&#8221;4&#8243; parallax_y=&#8221;4&#8243;][vc_column][vc_gmaps link=&#8221;#E-8_JTNDaWZyYW1lJTIwc3JjJTNEJTIyaHR0cHMlM0ElMkYlMkZ3d3cuZ29vZ2xlLmNvbSUyRm1hcHMlMkZlbWJlZCUzRnBiJTNEJTIxMW0xNCUyMTFtOCUyMTFtMyUyMTFkNzUyLjg1MzM1NTI4MzI4NjUlMjEyZDI4Ljg0MDE5NTclMjEzZDQwLjk5NDMyMzYlMjEzbTIlMjExaTEwMjQlMjEyaTc2OCUyMTRmMTMuMSUyMTNtMyUyMTFtMiUyMTFzMHgxNGNhYTM1ZjZlMTkyMmRmJTI1M0EweDZiYzYxYzhjOTU4OTY5MGElMjEyc1NNTU0lMjUyME9SSEFOJTI1MjBHJTI1QzMlMjU5Nk5FTCUyMTVlMCUyMTNtMiUyMTFzdHIlMjEyc3RyJTIxNHYxNTkwNTIwMzAyMzYzJTIxNW0yJTIxMXN0ciUyMTJzdHIlMjIlMjB3aWR0aCUzRCUyMjYwMCUyMiUyMGhlaWdodCUzRCUyMjQ1MCUyMiUyMGZyYW1lYm9yZGVyJTNEJTIyMCUyMiUyMHN0eWxlJTNEJTIyYm9yZGVyJTNBMCUzQiUyMiUyMGFsbG93ZnVsbHNjcmVlbiUzRCUyMiUyMiUyMGFyaWEtaGlkZGVuJTNEJTIyZmFsc2UlMjIlMjB0YWJpbmRleCUzRCUyMjAlMjIlM0UlM0MlMkZpZnJhbWUlM0U=&#8221;][\/vc_column][\/vc_row][vc_row parallax_speed=&#8221;4&#8243; parallax_x=&#8221;4&#8243; parallax_y=&#8221;4&#8243; css=&#8221;.vc_custom_1489138931735{padding-top: 100px !important;padding-bottom: 70px !important;}&#8221; el_class=&#8221;flat-contact-form&#8221;][vc_column width=&#8221;1\/4&#8243;][vc_column_text] F\u0130RMA ADRES\u0130M\u0130Z Yenibosna H\u00fcrriyet Mahallesi Alt\u0131n Sokak Lekesizler \u0130\u015fmerkezi No:18 Kat:1 Bah\u00e7elievler \/ \u0130STANBUL[\/vc_column_text][vc_empty_space height=&#8221;35px&#8221;][vc_column_text] TELEFON\u00a0 &amp; FAX Pbx : 0212 503 64 40 \u2013 639 29 15 Fax : 0212 639 24 76 [\/vc_column_text][vc_empty_space [&hellip;]<\/p>\n","protected":false},"author":1,"featured_media":0,"parent":0,"menu_order":0,"comment_status":"closed","ping_status":"closed","template":"tpl\/page_fullwidth.php","meta":{"footnotes":""},"class_list":["post-498","page","type-page","status-publish","hentry"],"_links":{"self":[{"href":"http:\/\/www.ismmmofisi.com\/index.php?rest_route=\/wp\/v2\/pages\/498","targetHints":{"allow":["GET"]}}],"collection":[{"href":"http:\/\/www.ismmmofisi.com\/index.php?rest_route=\/wp\/v2\/pages"}],"about":[{"href":"http:\/\/www.ismmmofisi.com\/index.php?rest_route=\/wp\/v2\/types\/page"}],"author":[{"embeddable":true,"href":"http:\/\/www.ismmmofisi.com\/index.php?rest_route=\/wp\/v2\/users\/1"}],"replies":[{"embeddable":true,"href":"http:\/\/www.ismmmofisi.com\/index.php?rest_route=%2Fwp%2Fv2%2Fcomments&post=498"}],"version-history":[{"count":21,"href":"http:\/\/www.ismmmofisi.com\/index.php?rest_route=\/wp\/v2\/pages\/498\/revisions"}],"predecessor-version":[{"id":1974,"href":"http:\/\/www.ismmmofisi.com\/index.php?rest_route=\/wp\/v2\/pages\/498\/revisions\/1974"}],"wp:attachment":[{"href":"http:\/\/www.ismmmofisi.com\/index.php?rest_route=%2Fwp%2Fv2%2Fmedia&parent=498"}],"curies":[{"name":"wp","href":"https:\/\/api.w.org\/{rel}","templated":true}]}}